{"id":736,"date":"2024-10-10T10:48:10","date_gmt":"2024-10-10T15:48:10","guid":{"rendered":"https:\/\/sites.berry.edu\/mstanard\/?page_id=736"},"modified":"2025-10-07T10:44:25","modified_gmt":"2025-10-07T15:44:25","slug":"media-2","status":"publish","type":"page","link":"https:\/\/sites.berry.edu\/mstanard\/media-2\/","title":{"rendered":"Media"},"content":{"rendered":"\n<h2 class=\"wp-block-heading\"><u>Videos<\/u><\/h2>\n\n\n\n<figure class=\"wp-block-embed is-type-video is-provider-youtube wp-block-embed-youtube wp-embed-aspect-16-9 wp-has-aspect-ratio\"><div class=\"wp-block-embed__wrapper\">\n<iframe loading=\"lazy\" title=\"The Panorama of Congo discussed with Matthew Stanard\" width=\"1140\" height=\"641\" src=\"https:\/\/www.youtube.com\/embed\/FHUko8ZLhls?feature=oembed\" frameborder=\"0\" allow=\"accelerometer; autoplay; clipboard-write; encrypted-media; gyroscope; picture-in-picture; web-share\" referrerpolicy=\"strict-origin-when-cross-origin\" allowfullscreen><\/iframe>\n<\/div><\/figure>\n\n\n\n<p><a><strong>\u201cDe\/Colonization on Display: A Historical Perspective on the PanoVRama of the Congo.\u201d&nbsp;<\/strong><\/a><\/p>\n\n\n\n<p>Congo VR project by Film EU\/European University, LUCA School of Arts, Universidade Lus\u00f3fona, Museu Nacional de Hist\u00f3ria Natural e da Ci\u00eancia, AfricaMuseum, et al.\u00a0Lisbon, Portugal. 5 June 2024.  Kind thanks to Victor Flores and Linda King.<\/p>\n\n\n\n<hr class=\"wp-block-separator has-alpha-channel-opacity is-style-wide\" \/>\n\n\n\n<figure class=\"wp-block-embed is-type-video is-provider-youtube wp-block-embed-youtube wp-embed-aspect-16-9 wp-has-aspect-ratio\"><div class=\"wp-block-embed__wrapper\">\n<iframe loading=\"lazy\" title=\"Dwight Eisenhower and the Holocaust\" width=\"1140\" height=\"641\" src=\"https:\/\/www.youtube.com\/embed\/qFYD37xp6a8?feature=oembed\" frameborder=\"0\" allow=\"accelerometer; autoplay; clipboard-write; encrypted-media; gyroscope; picture-in-picture; web-share\" referrerpolicy=\"strict-origin-when-cross-origin\" allowfullscreen><\/iframe>\n<\/div><\/figure>\n\n\n\n<p>Book discussion of Jason Lantzer\u2019s&nbsp;<em>Dwight Eisenhower and the Holocaust<\/em>, hosted by publisher De Gruyter.<\/p>\n\n\n\n<hr class=\"wp-block-separator has-alpha-channel-opacity is-style-wide\" \/>\n\n\n\n<h2 class=\"wp-block-heading\"><u>Interviews<\/u><\/h2>\n\n\n\n<p><strong><a href=\"http:\/\/www.thenagainpodcast.com\/episode\/2aabf948\/european-imperialism-in-africa\">Listen to Dr. Stanard&#8217;s interview<\/a>&nbsp;<\/strong>on imperialism in Africa with &#8216;Then Again,&#8217; a podcast by the Northeast Georgia History Center.<\/p>\n\n\n\n<p><a href=\"https:\/\/www.abc.net.au\/radio\/programs\/nightlife\/this-week-in-history-the-congo-free-state\/10076286\" target=\"_blank\" rel=\"noreferrer noopener\"><strong>Listen to Dr. Stanard&#8217;s interview<\/strong><\/a>&nbsp;for &#8216;This Week in History: The Congo Free State&#8217; for the Australian Broadcasting Corporation program Nightlife.<\/p>\n","protected":false},"excerpt":{"rendered":"<p>Videos \u201cDe\/Colonization on Display: A Historical Perspective on the PanoVRama of the Congo.\u201d&nbsp; Congo VR project by Film EU\/European University, LUCA School of Arts, Universidade Lus\u00f3fona, Museu Nacional de Hist\u00f3ria [&hellip;]<\/p>\n","protected":false},"author":522,"featured_media":0,"parent":0,"menu_order":0,"comment_status":"closed","ping_status":"closed","template":"","meta":{"footnotes":""},"class_list":["post-736","page","type-page","status-publish","hentry"],"_links":{"self":[{"href":"https:\/\/sites.berry.edu\/mstanard\/wp-json\/wp\/v2\/pages\/736","targetHints":{"allow":["GET"]}}],"collection":[{"href":"https:\/\/sites.berry.edu\/mstanard\/wp-json\/wp\/v2\/pages"}],"about":[{"href":"https:\/\/sites.berry.edu\/mstanard\/wp-json\/wp\/v2\/types\/page"}],"author":[{"embeddable":true,"href":"https:\/\/sites.berry.edu\/mstanard\/wp-json\/wp\/v2\/users\/522"}],"replies":[{"embeddable":true,"href":"https:\/\/sites.berry.edu\/mstanard\/wp-json\/wp\/v2\/comments?post=736"}],"version-history":[{"count":6,"href":"https:\/\/sites.berry.edu\/mstanard\/wp-json\/wp\/v2\/pages\/736\/revisions"}],"predecessor-version":[{"id":838,"href":"https:\/\/sites.berry.edu\/mstanard\/wp-json\/wp\/v2\/pages\/736\/revisions\/838"}],"wp:attachment":[{"href":"https:\/\/sites.berry.edu\/mstanard\/wp-json\/wp\/v2\/media?parent=736"}],"curies":[{"name":"wp","href":"https:\/\/api.w.org\/{rel}","templated":true}]}}